{"id":463,"date":"2024-12-24T17:57:38","date_gmt":"2024-12-24T17:57:38","guid":{"rendered":"https:\/\/mundoimperial.website\/wayamwellness\/?post_type=product&#038;p=463"},"modified":"2024-12-24T18:02:24","modified_gmt":"2024-12-24T18:02:24","slug":"sintonizando-2025","status":"publish","type":"product","link":"https:\/\/mundoimperial.website\/wayamwellness\/producto\/sintonizando-2025\/","title":{"rendered":"Sintonizando 2025"},"content":{"rendered":"\n<p><strong>Requisitos:&nbsp;<\/strong>Traer tapete de yoga y ropa c\u00f3moda<\/p>\n\n\n\n<p><strong>Descripci\u00f3n:&nbsp;<\/strong><\/p>\n\n\n\n<p>El yoga suave es una pr\u00e1ctica de posturas en una secuencia gradual que profundiza el estiramiento, mejora la flexibilidad, ayuda en la recuperaci\u00f3n de lesiones, y controla el estr\u00e9s y el peso. Ideal para todas las edades y niveles de experiencia, es una aproximaci\u00f3n gentil al bienestar f\u00edsico y mental. Descubre nuestros productos dise\u00f1ados para complementar y mejorar tu pr\u00e1ctica de yoga suave, desde esterillas y bloques hasta ropa y accesorios de relajaci\u00f3n. Mejora tu bienestar con nuestra selecci\u00f3n de alta calidad.<\/p>\n\n\n\n<p><strong>Duraci\u00f3n:<\/strong> 60 min.<\/p>\n","protected":false},"excerpt":{"rendered":"<p><strong>Para efectuar tu pago con tarjetas de d\u00e9bito o cr\u00e9dito, sigue estos pasos:<\/strong><br \/><strong><br \/><\/strong><span style=\"font-family: Poppins, sans-serif;font-size: 16px\"><strong>\u00b7<\/strong><\/span>\u00a0Selecciona el n\u00famero de servicios o actividades que deseas adquirir y a\u00f1\u00e1delos al carrito.<br \/><strong>\u00b7 <\/strong>Ingresa a tu <a href=\"https:\/\/mundoimperial.website\/wayamwellness\/carrito\/\">carrito<\/a> y haz clic en &#8216;Finalizar compra&#8217;.<br \/><strong>\u00b7 <\/strong>Completa la informaci\u00f3n requerida. <br \/><strong>\u00b7 <\/strong>Selecciona tu m\u00e9todo de pago preferido y procede con la transacci\u00f3n.<\/p>\n","protected":false},"featured_media":464,"comment_status":"closed","ping_status":"closed","template":"","meta":[],"product_cat":[19],"product_tag":[],"aioseo_notices":[],"jetpack_sharing_enabled":true,"_links":{"self":[{"href":"https:\/\/mundoimperial.website\/wayamwellness\/wp-json\/wp\/v2\/product\/463"}],"collection":[{"href":"https:\/\/mundoimperial.website\/wayamwellness\/wp-json\/wp\/v2\/product"}],"about":[{"href":"https:\/\/mundoimperial.website\/wayamwellness\/wp-json\/wp\/v2\/types\/product"}],"replies":[{"embeddable":true,"href":"https:\/\/mundoimperial.website\/wayamwellness\/wp-json\/wp\/v2\/comments?post=463"}],"wp:featuredmedia":[{"embeddable":true,"href":"https:\/\/mundoimperial.website\/wayamwellness\/wp-json\/wp\/v2\/media\/464"}],"wp:attachment":[{"href":"https:\/\/mundoimperial.website\/wayamwellness\/wp-json\/wp\/v2\/media?parent=463"}],"wp:term":[{"taxonomy":"product_cat","embeddable":true,"href":"https:\/\/mundoimperial.website\/wayamwellness\/wp-json\/wp\/v2\/product_cat?post=463"},{"taxonomy":"product_tag","embeddable":true,"href":"https:\/\/mundoimperial.website\/wayamwellness\/wp-json\/wp\/v2\/product_tag?post=463"}],"curies":[{"name":"wp","href":"https:\/\/api.w.org\/{rel}","templated":true}]}}